{"id":6394,"date":"2024-07-31T13:10:51","date_gmt":"2024-07-31T11:10:51","guid":{"rendered":"https:\/\/staging-hp.vielfaltmenue.com\/imprint\/"},"modified":"2026-03-20T14:04:42","modified_gmt":"2026-03-20T13:04:42","slug":"imprint","status":"publish","type":"page","link":"https:\/\/vielfaltmenue.com\/en\/imprint\/","title":{"rendered":"Impressum"},"content":{"rendered":"<div  class=\"spacer_wrap \" aria-hidden=\"true\"><div class=\"wp-block-spacer inner-sm\" style=\"height:calc(150px * 0.75)\" aria-hidden=\"true\"><\/div><div class=\"wp-block-spacer inner-md\" style=\"height:calc(150px * 0.85)\" aria-hidden=\"true\"><\/div><div class=\"wp-block-spacer inner-lg inner-xl\" style=\"height:150px\" aria-hidden=\"true\"><\/div><\/div>\n\n\n<h1 class=\"wp-block-heading has-primary-color has-text-color has-link-color has-x-large-font-size wp-elements-2eb340734772cd3f59b05cc16c6152b5\" id=\"h-impressum\">Impressum<\/h1>\n\n\n\n<div style=\"height:var(--wp--preset--spacing--large)\" aria-hidden=\"true\" class=\"wp-block-spacer\"><\/div>\n\n\n\n<h2 class=\"wp-block-heading has-medium-font-size\" id=\"h-angaben-gemass-5-tmg\">Angaben gem\u00e4\u00df \u00a7 5 TMG<\/h2>\n\n\n\n<p>VielfaltMen\u00fc GmbH<br>Oberlandstra\u00dfe 13-14<br>12099 Berlin<br>Telefon&nbsp;<a href=\"tel:+49 3494 6694400\">+49 3494 6694400<\/a><br><a href=\"https:\/\/vielfaltmenue.com\/en\/\">www.vielfaltmenue.com<\/a><\/p>\n\n\n\n<div style=\"height:var(--wp--preset--spacing--large)\" aria-hidden=\"true\" class=\"wp-block-spacer\"><\/div>\n\n\n\n<h2 class=\"wp-block-heading has-medium-font-size\" id=\"h-geschaftsfuhrung\">Gesch\u00e4ftsf\u00fchrung:<\/h2>\n\n\n\n<p>Markus Grube,<br>Andr\u00e1s Maria von Kontz,<br>Holger Joachim Schmidt.<\/p>\n\n\n\n<div style=\"height:var(--wp--preset--spacing--large)\" aria-hidden=\"true\" class=\"wp-block-spacer\"><\/div>\n\n\n\n<h2 class=\"wp-block-heading has-medium-font-size\" id=\"h-registereintrag\">Registereintrag:<\/h2>\n\n\n\n<p>Eintragung im Handelsregister<br>Registergericht: Berlin Charlottenburg<br>Registernummer: HRB 232119<\/p>\n\n\n\n<div style=\"height:var(--wp--preset--spacing--large)\" aria-hidden=\"true\" class=\"wp-block-spacer\"><\/div>\n\n\n\n<h2 class=\"wp-block-heading has-medium-font-size\" id=\"h-umsatzsteuer-id\">Umsatzsteuer-ID:<\/h2>\n\n\n\n<p>Umsatzsteuer-Identifikationsnummer gem\u00e4\u00df \u00a7 27a Umsatzsteuergesetz: DE209783710<\/p>\n\n\n\n<div style=\"height:var(--wp--preset--spacing--large)\" aria-hidden=\"true\" class=\"wp-block-spacer\"><\/div>\n\n\n\n<h2 class=\"wp-block-heading has-medium-font-size\" id=\"h-verantwortlich-fur-den-inhalt-nach-18-abs-2-mstv\">Verantwortlich f\u00fcr den Inhalt nach \u00a7 18 Abs. 2 MStV:<\/h2>\n\n\n\n<p>VielfaltMen\u00fc GmbH<br>Anika Bornschein \u2013 Leitung Marketing &amp; Kommunikation<br>Oberlandstra\u00dfe 13-14<br>12099 Berlin<br><a href=\"mailto:presse@vielfaltmenue.com\">presse@vielfaltmenue.com<\/a><\/p>\n\n\n\n<div style=\"height:var(--wp--preset--spacing--large)\" aria-hidden=\"true\" class=\"wp-block-spacer\"><\/div>\n\n\n\n<h2 class=\"wp-block-heading has-medium-font-size\" id=\"h-haftungsausschluss\">Haftungsausschluss:<\/h2>\n\n\n\n<p><strong>Haftung f\u00fcr Inhalte<\/strong><br>Die Inhalte unserer Seiten wurden mit gr\u00f6\u00dfter Sorgfalt erstellt. F\u00fcr die Richtigkeit, Vollst\u00e4ndigkeit und Aktualit\u00e4t der Inhalte k\u00f6nnen wir jedoch keine Gew\u00e4hr \u00fcbernehmen. Als Diensteanbieter sind wir gem\u00e4\u00df \u00a7 7 Abs.1 TMG f\u00fcr eigene Inhalte auf diesen Seiten nach den allgemeinen Gesetzen verantwortlich. Nach \u00a7\u00a7 8 bis 10 TMG sind wir als Diensteanbieter jedoch nicht verpflichtet, \u00fcbermittelte oder gespeicherte fremde Informationen zu \u00fcberwachen oder nach Umst\u00e4nden zu forschen, die auf eine rechtswidrige T\u00e4tigkeit hinweisen. Verpflichtungen zur Entfernung oder Sperrung der Nutzung von Informationen nach den allgemeinen Gesetzen bleiben hiervon unber\u00fchrt. Eine diesbez\u00fcgliche Haftung ist jedoch erst ab dem Zeitpunkt der Kenntnis einer konkreten Rechtsverletzung m\u00f6glich. Bei Bekanntwerden von entsprechenden Rechtsverletzungen werden wir diese Inhalte umgehend entfernen.<\/p>\n\n\n\n<p><strong>Haftung f\u00fcr Links<\/strong><br>Unser Angebot enth\u00e4lt Links zu externen Webseiten Dritter, auf deren Inhalte wir keinen Einfluss haben. Deshalb k\u00f6nnen wir f\u00fcr diese fremden Inhalte auch keine Gew\u00e4hr \u00fcbernehmen. F\u00fcr die Inhalte der verlinkten Seiten ist stets der jeweilige Anbieter oder Betreiber der Seiten verantwortlich. Die verlinkten Seiten wurden zum Zeitpunkt der Verlinkung auf m\u00f6gliche Rechtsverst\u00f6\u00dfe \u00fcberpr\u00fcft. Rechtswidrige Inhalte waren zum Zeitpunkt der Verlinkung nicht erkennbar. Eine permanente inhaltliche Kontrolle der verlinkten Seiten ist jedoch ohne konkrete Anhaltspunkte einer Rechtsverletzung nicht zumutbar. Bei Bekanntwerden von Rechtsverletzungen werden wir derartige Links umgehend entfernen.<\/p>\n\n\n\n<p><strong><strong><strong>Verbraucherstreitbeilegung\/ Online-Streitbeilegungsplattform<\/strong><\/strong><\/strong><br>Die Europ\u00e4ische Kommission stellt eine Plattform zur Online-Streitbeilegung bereit, die Sie unter\u00a0<a href=\"http:\/\/ec.europa.eu\/consumers\/odr\/\">http:\/\/ec.europa.eu\/consumers\/odr\/<\/a>\u00a0finden. VielfaltMen\u00fc nimmt nicht an Streitbeilegungsverfahren vor einer Verbraucherschlichtungsstelle teil.<\/p>\n\n\n\n<p><strong><strong><strong><strong>Urheberrecht<\/strong><\/strong><\/strong><\/strong><br>Die durch die Seitenbetreiber erstellten Inhalte und Werke auf diesen Seiten unterliegen dem deutschen Urheberrecht. Die Vervielf\u00e4ltigung, Bearbeitung, Verbreitung und jede Art der Verwertung au\u00dferhalb der Grenzen des Urheberrechtes bed\u00fcrfen der schriftlichen Zustimmung des jeweiligen Autors bzw. Erstellers. Downloads und Kopien dieser Seite sind nur f\u00fcr den privaten, nicht kommerziellen Gebrauch gestattet. Soweit die Inhalte auf dieser Seite nicht vom Betreiber erstellt wurden, werden die Urheberrechte Dritter beachtet.<br>Insbesondere werden Inhalte Dritter als solche gekennzeichnet. Sollten Sie trotzdem auf eine Urheberrechtsverletzung aufmerksam werden, bitten wir um einen entsprechenden Hinweis. Bei Bekanntwerden von Rechtsverletzungen werden wir derartige Inhalte umgehend entfernen.<\/p>\n\n\n\n<div style=\"height:var(--wp--preset--spacing--large)\" aria-hidden=\"true\" class=\"wp-block-spacer\"><\/div>\n\n\n\n<h2 class=\"wp-block-heading has-medium-font-size\" id=\"h-realisation\">Realisation:<\/h2>\n\n\n\n<p><strong>Design &amp; Programmierung<\/strong><br>14Agency GmbH<\/p>\n\n\n\n<div style=\"height:var(--wp--preset--spacing--large)\" aria-hidden=\"true\" class=\"wp-block-spacer\"><\/div>\n","protected":false},"excerpt":{"rendered":"<p>Impressum Angaben gem\u00e4\u00df \u00a7 5 TMG VielfaltMen\u00fc GmbHOberlandstra\u00dfe 13-1412099 BerlinTelefon&nbsp;+49 3494 6694400www.vielfaltmenue.com Gesch\u00e4ftsf\u00fchrung: Markus Grube,Andr\u00e1s Maria von Kontz,Holger Joachim Schmidt. Registereintrag: Eintragung im HandelsregisterRegistergericht: Berlin CharlottenburgRegisternummer: HRB 232119 Umsatzsteuer-ID: Umsatzsteuer-Identifikationsnummer gem\u00e4\u00df \u00a7 27a Umsatzsteuergesetz: DE209783710 Verantwortlich f\u00fcr den Inhalt nach \u00a7 18 Abs. 2 MStV: VielfaltMen\u00fc GmbHAnika Bornschein \u2013 Leitung Marketing &amp; KommunikationOberlandstra\u00dfe 13-1412099 Berlinpresse@vielfaltmenue.com [&hellip;]<\/p>\n","protected":false},"author":4,"featured_media":0,"parent":0,"menu_order":0,"comment_status":"closed","ping_status":"closed","template":"","meta":{"greyd_block_editor_preview":[],"footnotes":""},"class_list":["post-6394","page","type-page","status-publish","hentry"],"yoast_head":"<!-- This site is optimized with the Yoast SEO Premium plugin v26.5 (Yoast SEO v27.4) - https:\/\/yoast.com\/product\/yoast-seo-premium-wordpress\/ -->\n<title>Impressum | Vielfaltmen\u00fc<\/title>\n<meta name=\"description\" content=\"Impressum | VielfaltMen\u00fc GmbH | Adresse: Oberlandstra\u00dfe 13-14, 12099 Berlin | Telefon: +49 3494 6694400\" \/>\n<meta name=\"robots\" content=\"noindex, nofollow\" \/>\n<meta property=\"og:locale\" content=\"en_US\" \/>\n<meta property=\"og:type\" content=\"article\" \/>\n<meta property=\"og:title\" content=\"Impressum\" \/>\n<meta property=\"og:description\" content=\"Impressum | VielfaltMen\u00fc GmbH | Adresse: Oberlandstra\u00dfe 13-14, 12099 Berlin | Telefon: +49 3494 6694400\" \/>\n<meta property=\"og:url\" content=\"https:\/\/vielfaltmenue.com\/en\/imprint\/\" \/>\n<meta property=\"og:site_name\" content=\"Vielfaltmenue\" \/>\n<meta property=\"article:modified_time\" content=\"2026-03-20T13:04:42+00:00\" \/>\n<meta name=\"twitter:card\" content=\"summary_large_image\" \/>\n<meta name=\"twitter:label1\" content=\"Est. reading time\" \/>\n\t<meta name=\"twitter:data1\" content=\"3 minutes\" \/>\n<!-- \/ Yoast SEO Premium plugin. -->","yoast_head_json":{"title":"Impressum | Vielfaltmen\u00fc","description":"Impressum | VielfaltMen\u00fc GmbH | Adresse: Oberlandstra\u00dfe 13-14, 12099 Berlin | Telefon: +49 3494 6694400","robots":{"index":"noindex","follow":"nofollow"},"og_locale":"en_US","og_type":"article","og_title":"Impressum","og_description":"Impressum | VielfaltMen\u00fc GmbH | Adresse: Oberlandstra\u00dfe 13-14, 12099 Berlin | Telefon: +49 3494 6694400","og_url":"https:\/\/vielfaltmenue.com\/en\/imprint\/","og_site_name":"Vielfaltmenue","article_modified_time":"2026-03-20T13:04:42+00:00","twitter_card":"summary_large_image","twitter_misc":{"Est. reading time":"3 minutes"},"schema":{"@context":"https:\/\/schema.org","@graph":[{"@type":"WebPage","@id":"https:\/\/vielfaltmenue.com\/en\/imprint\/","url":"https:\/\/vielfaltmenue.com\/en\/imprint\/","name":"Impressum | Vielfaltmen\u00fc","isPartOf":{"@id":"https:\/\/vielfaltmenue.com\/en\/#website"},"datePublished":"2024-07-31T11:10:51+00:00","dateModified":"2026-03-20T13:04:42+00:00","description":"Impressum | VielfaltMen\u00fc GmbH | Adresse: Oberlandstra\u00dfe 13-14, 12099 Berlin | Telefon: +49 3494 6694400","breadcrumb":{"@id":"https:\/\/vielfaltmenue.com\/en\/imprint\/#breadcrumb"},"inLanguage":"en-US","potentialAction":[{"@type":"ReadAction","target":["https:\/\/vielfaltmenue.com\/en\/imprint\/"]}]},{"@type":"BreadcrumbList","@id":"https:\/\/vielfaltmenue.com\/en\/imprint\/#breadcrumb","itemListElement":[{"@type":"ListItem","position":1,"name":"Home","item":"https:\/\/vielfaltmenue.com\/en\/"},{"@type":"ListItem","position":2,"name":"Impressum"}]},{"@type":"WebSite","@id":"https:\/\/vielfaltmenue.com\/en\/#website","url":"https:\/\/vielfaltmenue.com\/en\/","name":"Vielfaltmenue","description":"VielfaltMenu \u2013 Das Unternehmen f\u00fcr Catering &amp; Verpflegung, das Vielfalt liefert.","publisher":{"@id":"https:\/\/vielfaltmenue.com\/en\/#organization"},"alternateName":"Catering & Verpflegung","potentialAction":[{"@type":"SearchAction","target":{"@type":"EntryPoint","urlTemplate":"https:\/\/vielfaltmenue.com\/en\/?s={search_term_string}"},"query-input":{"@type":"PropertyValueSpecification","valueRequired":true,"valueName":"search_term_string"}}],"inLanguage":"en-US"},{"@type":"Organization","@id":"https:\/\/vielfaltmenue.com\/en\/#organization","name":"VielfaltMen\u00fc GmbH","alternateName":"VielfaltMen\u00fc","url":"https:\/\/vielfaltmenue.com\/en\/","logo":{"@type":"ImageObject","inLanguage":"en-US","@id":"https:\/\/vielfaltmenue.com\/en\/#\/schema\/logo\/image\/","url":"https:\/\/vielfaltmenue.com\/wp-content\/uploads\/2024\/11\/VM_Logo_hoch_spinat.png","contentUrl":"https:\/\/vielfaltmenue.com\/wp-content\/uploads\/2024\/11\/VM_Logo_hoch_spinat.png","width":1833,"height":768,"caption":"VielfaltMen\u00fc GmbH"},"image":{"@id":"https:\/\/vielfaltmenue.com\/en\/#\/schema\/logo\/image\/"},"sameAs":["https:\/\/www.instagram.com\/vielfalt.menue\/","https:\/\/www.xing.com\/pages\/vielfaltmenue-gmbh","https:\/\/de.linkedin.com\/company\/vielfaltmenue"],"description":"Vielfalt bedeutet f\u00fcr uns, auf unterschiedliche Geschm\u00e4cker und Bed\u00fcrfnisse einzugehen. Mit unserem 360-Grad-Catering schaffen wir flexible L\u00f6sungen, die sich einfach kombinieren lassen. Ob in Schulen, Unternehmen oder der Gastronomie \u2013 gutes Essen verbindet.","email":"servicecenter@vielfaltmenue.com","telephone":"+49 3494 6694400","legalName":"VielfaltMen\u00fc GmbH","vatID":"DE209783710","numberOfEmployees":{"@type":"QuantitativeValue","minValue":"501","maxValue":"1000"}}]}},"_links":{"self":[{"href":"https:\/\/vielfaltmenue.com\/en\/wp-json\/wp\/v2\/pages\/6394","targetHints":{"allow":["GET"]}}],"collection":[{"href":"https:\/\/vielfaltmenue.com\/en\/wp-json\/wp\/v2\/pages"}],"about":[{"href":"https:\/\/vielfaltmenue.com\/en\/wp-json\/wp\/v2\/types\/page"}],"author":[{"embeddable":true,"href":"https:\/\/vielfaltmenue.com\/en\/wp-json\/wp\/v2\/users\/4"}],"replies":[{"embeddable":true,"href":"https:\/\/vielfaltmenue.com\/en\/wp-json\/wp\/v2\/comments?post=6394"}],"version-history":[{"count":5,"href":"https:\/\/vielfaltmenue.com\/en\/wp-json\/wp\/v2\/pages\/6394\/revisions"}],"predecessor-version":[{"id":16613,"href":"https:\/\/vielfaltmenue.com\/en\/wp-json\/wp\/v2\/pages\/6394\/revisions\/16613"}],"wp:attachment":[{"href":"https:\/\/vielfaltmenue.com\/en\/wp-json\/wp\/v2\/media?parent=6394"}],"curies":[{"name":"wp","href":"https:\/\/api.w.org\/{rel}","templated":true}]}}