{"id":6161,"date":"2024-11-25T11:47:16","date_gmt":"2024-11-25T10:47:16","guid":{"rendered":"https:\/\/staging-hp.vielfaltmenue.com\/lieferantenkodex\/"},"modified":"2026-03-26T13:00:28","modified_gmt":"2026-03-26T12:00:28","slug":"code-of-conduct","status":"publish","type":"page","link":"https:\/\/vielfaltmenue.com\/en\/code-of-conduct\/","title":{"rendered":"Lieferantenkodex"},"content":{"rendered":"\n<div class=\"wp-block-group has-global-padding is-layout-constrained wp-block-group-is-layout-constrained\"><div  class=\"spacer_wrap \" aria-hidden=\"true\"><div class=\"wp-block-spacer inner-sm inner-lg inner-xl\" style=\"height:15vh\" aria-hidden=\"true\"><\/div><div class=\"wp-block-spacer inner-md\" style=\"height:calc(15vh * 1.25)\" aria-hidden=\"true\"><\/div><\/div>\n\n<div class=\"yoast-breadcrumbs\"><span><span><a href=\"https:\/\/vielfaltmenue.com\/en\/\">Home<\/a><\/span> \u00bb <span class=\"breadcrumb_last\" aria-current=\"page\"><strong>Lieferantenkodex<\/strong><\/span><\/span><\/div>\n\n\n<div style=\"margin-top:var(--wp--preset--spacing--small);margin-bottom:var(--wp--preset--spacing--small);height:0px\" aria-hidden=\"true\" class=\"wp-block-spacer\"><\/div>\n<\/div>\n\n\n\n<div style=\"height:var(--wp--preset--spacing--large)\" aria-hidden=\"true\" class=\"wp-block-spacer\"><\/div>\n\n\n\n<h1 class=\"wp-block-heading has-foreground-color has-text-color has-link-color has-x-large-font-size wp-elements-94265cb67e787f33dfb48bac7d43ea35\" id=\"h-lieferantenkodex-der-vielfaltmenu-gmbh\">Lieferantenkodex der VielfaltMen\u00fc GmbH<\/h1>\n\n\n\n<div style=\"height:var(--wp--preset--spacing--large)\" aria-hidden=\"true\" class=\"wp-block-spacer\"><\/div>\n\n\n\n<h2 class=\"wp-block-heading has-darkest-color has-text-color has-link-color has-medium-font-size wp-elements-2416887d27113e16afb8d9077ec34edb\" id=\"h-1-praambel\">1. Pr\u00e4ambel<\/h2>\n\n\n\n<p>Die VielfaltMen\u00fc GmbH (im Folgenden &#8220;VielfaltMen\u00fc&#8221;) ist ein deutschlandweit t\u00e4tiges Catering-Unternehmen, das insbesondere Kinderg\u00e4rten, Schulen und Betriebe mit regionalen, saisonalen sowie nachhaltigen Gerichten beliefert. Wichtig ist uns, dass wir die geltenden Gesetze einhalten und ethisch korrekt handeln. Daher legen wir auch gro\u00dfen Wert auf die Auswahl unserer Lieferanten. Dieser Lieferantenkodex formuliert die Erwartungen, die wir an unsere Lieferanten hinsichtlich der Einhaltung geltender Gesetze und ethischem Handeln (inklusive der Beachtung von Menschenrechten und Umweltstandards) richten. Wir sind davon \u00fcberzeugt, dass nur ein rechtskonformes und ethisch korrektes Handeln zu dauerhaftem wirtschaftlichem Erfolg f\u00fcr alle Beteiligten f\u00fchrt.<\/p>\n\n\n\n<p>Durch die Unterzeichnung dieses Lieferantenkodex sichern unsere Lieferanten zu, in \u00dcbereinstimmung mit den in diesem Kodex festgelegten Werten, Verhaltensgrunds\u00e4tzen und Zielen zu handeln, sich an den international anerkannten Leitprinzipien f\u00fcr Wirtschaft und Menschenrechte der Vereinten Nationen (UNGP) zu orientieren und die in diesem Kodex enthaltenen Werte, Verhaltensgrunds\u00e4tze und Ziele entlang ihrer jeweils eigenen Lieferketten zu adressieren.<\/p>\n\n\n\n<div style=\"height:var(--wp--preset--spacing--large)\" aria-hidden=\"true\" class=\"wp-block-spacer\"><\/div>\n\n\n\n<h2 class=\"wp-block-heading has-darkest-color has-text-color has-link-color has-medium-font-size wp-elements-16849189610ce7599a89a920516bc1ab\" id=\"h-2-geltungsbereich\">2. Geltungsbereich<\/h2>\n\n\n\n<p>Dieser Lieferantenkodex gilt f\u00fcr alle Lieferanten von VielfaltMen\u00fc und ihrer Tochtergesellschaften. Als Lieferanten gelten alle nat\u00fcrlichen und juristischen Personen, die mit VielfaltMen\u00fc Vertr\u00e4ge \u00fcber die Lieferung von Ersterzeugnissen und Waren sowie \u00fcber die Erbringung von Dienstleistungen jeglicher Art und sonstigen Leistungen gegen\u00fcber VielfaltMen\u00fc abschlie\u00dfen.<\/p>\n\n\n\n<div style=\"height:var(--wp--preset--spacing--large)\" aria-hidden=\"true\" class=\"wp-block-spacer\"><\/div>\n\n\n\n<h2 class=\"wp-block-heading has-darkest-color has-text-color has-link-color has-medium-font-size wp-elements-242cddcb63fe311ca32cade5dae01145\" id=\"h-3-grundsatze\">3. Grunds\u00e4tze<\/h2>\n\n\n\n<p>Wir erwarten von unseren Lieferanten, dass sie die geltenden Gesetze einhalten, sie so anwenden, dass sie Sinn und Zweck der rechtlichen Vorgaben erf\u00fcllen und Prozesse entwickeln und implementieren, die die Einhaltung der geltenden Gesetze und weiterer relevanter regulatorischer Vorgaben sicherstellen sowie keine unethischen Gesch\u00e4ftspraktiken betreiben. Sofern gesetzlichen Vorgaben und dieser Lieferantenkodex identische Themen abdecken, die Vorgaben jedoch voneinander abweichen, sollen unsere Lieferanten die Bestimmungen anwenden, die dem Zweck dieses Lieferantenkodex am n\u00e4chsten kommen und rechtlich zul\u00e4ssig sind. Unsere Lieferanten verschaffen sich zudem Transparenz \u00fcber ihre eigene Rechtskonformit\u00e4t und der ihrer Zulieferer entlang ihrer eigenen Lieferkette.<\/p>\n\n\n\n<div style=\"height:var(--wp--preset--spacing--large)\" aria-hidden=\"true\" class=\"wp-block-spacer\"><\/div>\n\n\n\n<h2 class=\"wp-block-heading has-darkest-color has-text-color has-link-color has-medium-font-size wp-elements-75af24fea095e84e1ae023d6cad34af0\" id=\"h-4-compliance-und-integritat\">4. Compliance und Integrit\u00e4t<\/h2>\n\n\n\n<p>Unsere Lieferanten verankern in ihren Unternehmen Compliance-Standards, f\u00f6rdern eine Kultur der Integrit\u00e4t und schaffen eine vertrauensw\u00fcrdige Arbeitsumgebung. Rechtsverst\u00f6\u00dfe und unethische Praktiken werden nicht geduldet. Bei Anhaltspunkten zu solchen Verhaltensweisen gehen unsere Lieferanten diesen unverz\u00fcglich nach, um diese zu identifizieren und zu minimieren.<\/p>\n\n\n\n<p class=\"has-darkest-color has-text-color has-link-color wp-elements-38b366e8a72812997bad66a5e67228b6\"><strong>4.1 Produktsicherheit und -qualit\u00e4t<\/strong><br>Unsere Lieferanten halten bei der Herstellung und beim Verkauf ihrer Produkte h\u00f6chste Standards bez\u00fcglich Produktsicherheit und -qualit\u00e4t ein. Sie f\u00fchren Ma\u00dfnahmen durch, um sicherzustellen, dass alle gelieferten Produkte den geltenden Gesetzen sowie branchen\u00fcblichen Standards entsprechen und \u00fcberpr\u00fcfen regelm\u00e4\u00dfig ihre Produktionsprozesse und Produkte auf M\u00e4ngel. Bei auftretenden M\u00e4ngeln werden unverz\u00fcglich Ma\u00dfnahmen ergriffen, um die Produktsicherheit und -qualit\u00e4t zu gew\u00e4hrleisten.<\/p>\n\n\n\n<p class=\"has-darkest-color has-text-color has-link-color wp-elements-61f5c3fb44baaee5938ec76539aaea26\"><strong>4.2 Korruption und Geldw\u00e4sche<\/strong><br>Unsere Lieferanten dulden keine Form der Korruption, Bestechung oder \u00e4hnliche Praktiken. Geschenke, Einladungen oder Bewirtungen, bei denen ein Grund zur Annahme besteht, dass diese gesch\u00e4ftliche Entscheidungen und Gesch\u00e4ftsbeziehungen in unzul\u00e4ssiger Weise beeinflussen sollen, werden von unseren Lieferanten und auch von uns weder angenommen noch angeboten. Zudem beteiligen sie sich nicht an Geldw\u00e4sche, Terrorismusfinanzierung oder sonstiger Finanzkriminalit\u00e4t oder leisten solcher Vorschub. Unsere Lieferanten implementieren Prozesse, die die oben genannten Verhaltensweisen bestm\u00f6glich unterbinden.<\/p>\n\n\n\n<p class=\"has-darkest-color has-text-color has-link-color wp-elements-00e814f5afaaaa4ab2d65c080bd9aa53\"><strong>4.3 Schutz geistigen Eigentums<\/strong><br>Unsere Lieferanten befolgen die Vorschriften zum Urheber-, Marken- und Patentrecht und nehmen keine Handlungen vor, die das geistige Eigentum Dritter verletzen.<\/p>\n\n\n\n<p class=\"has-darkest-color has-text-color has-link-color wp-elements-29495afba8cdcee1a935f5efd09ee83f\"><strong>4.4 Fairer Wettbewerb und lautere Gesch\u00e4ftspraktiken<\/strong><br>Unsere Lieferanten befolgen die Grunds\u00e4tze des fairen und freien Wettbewerbs, ergreifen keine Ma\u00dfnahmen, die diesen behindern und f\u00fchren ihre Gesch\u00e4fte im Rahmen geltender Kartell- und Wettbewerbsgesetze. Sie halten sich an Vertr\u00e4ge, sind sich ihrer unternehmerischen Verantwortung bewusst und erf\u00fcllen Zahlungsverpflichtungen fristgerecht. Drohende Zahlungsausf\u00e4lle werden rechtzeitig und vor Eintritt der F\u00e4lligkeit an uns kommuniziert. Die Nichteinhaltung von vertraglichen Verpflichtungen kann rechtliche Folgen nach sich ziehen. Wir bieten und erwarten einen respektvollen und von Integrit\u00e4t gepr\u00e4gten gesch\u00e4ftlichen Umgang miteinander.<\/p>\n\n\n\n<p class=\"has-darkest-color has-text-color has-link-color wp-elements-f362f8a9799706ab8ad9228b482a9c48\"><strong>4.5 Vermeidung von Interessenskonflikten<\/strong><br>Unsere Lieferanten legen alle potenziellen Interessenskonflikte offen, die sich auf die Gesch\u00e4ftsbeziehung mit VielfaltMen\u00fc auswirken k\u00f6nnten. Hierzu geh\u00f6ren insbesondere versuchte oder vollendete Einflussnahmen Dritter, die eine Auswirkung auf die Gesch\u00e4ftsbeziehung mit VielfaltMen\u00fc haben oder haben k\u00f6nnten, sowie die Beteiligung von Mitarbeitenden von VielfaltMen\u00fc an solchen Einflussnahmen.<\/p>\n\n\n\n<p class=\"has-darkest-color has-text-color has-link-color wp-elements-bfa36208f3da4c9283fbba95187bed76\"><strong>4.6 Datenschutz und Informationssicherheit<\/strong><br>Unsere Lieferanten befolgen die einschl\u00e4gigen Gesetze zum Datenschutz und gew\u00e4hrleisten die Vertraulichkeit von Gesch\u00e4ftsinformationen.<\/p>\n\n\n\n<div style=\"height:var(--wp--preset--spacing--large)\" aria-hidden=\"true\" class=\"wp-block-spacer\"><\/div>\n\n\n\n<h2 class=\"wp-block-heading has-darkest-color has-text-color has-link-color has-medium-font-size wp-elements-01ef3b64e7f7e9b901757323dfac23df\" id=\"h-5-menschenrechte-und-tierrechte\">5. Menschenrechte und Tierrechte<\/h2>\n\n\n\n<p>Unsere Lieferanten achten die Menschenrechte, so wie sie in der Allgemeinen Erkl\u00e4rung der Menschenrechte der Vereinten Nationen niedergelegt sind, treten Verst\u00f6\u00dfen entschieden entgegen und behandeln ihre Mitarbeitenden respektvoll und setzen sie nicht erniedrigenden Umst\u00e4nden aus. Sie achten soziale Standards und legen Wert auf faire Arbeitsbedingungen. Tiere als Teil unserer nat\u00fcrlichen Umwelt werden artgerecht gehalten und mit F\u00fcrsorge behandelt.<\/p>\n\n\n\n<p class=\"has-darkest-color has-text-color has-link-color wp-elements-e93216efbde1e8bfb4550e7285e88b75\"><strong>5.1 Kinder- und Zwangsarbeit<\/strong><br>Unsere Lieferanten \u00e4chten jegliche Form von Kinderarbeit und leiten bei Kenntnisnahme jedweder Form von Kinderarbeit im Sinne der ILO-Kernarbeitsnormen unverz\u00fcglich Abhilfema\u00dfnahmen ein. Zudem dulden unsere Lieferanten keine Form von Zwangsarbeit, Sklaverei oder \u00e4hnlichen Verh\u00e4ltnissen. Jegliche Arbeitst\u00e4tigkeiten haben auf freier Willensbasis stattzufinden.<\/p>\n\n\n\n<p class=\"has-darkest-color has-text-color has-link-color wp-elements-8cf08bf5608d6d7bcfec6272283305a6\"><strong>5.2 Arbeitsschutz und Arbeitnehmerrechte<\/strong><br>Unsere Lieferanten halten alle Gesetze zum Arbeitsschutz und zur Gesundheit am jeweiligen Besch\u00e4ftigungsort ein und treffen wirksame Vorkehrungen gegen Arbeitsunf\u00e4lle oder arbeitsbedingte Erkrankungen.<\/p>\n\n\n\n<p class=\"has-darkest-color has-text-color has-link-color wp-elements-5b70a1d9d6c4fe912e6a7dbde30d99ac\">Sie zahlen faire, der Arbeitst\u00e4tigkeit und dem Besch\u00e4ftigungsort entsprechend mindestens angemessene L\u00f6hne und halten die am Arbeitsort geltenden Gesetze zu H\u00f6chstarbeitszeiten und Ruhezeiten ein.<\/p>\n\n\n\n<p class=\"has-darkest-color has-text-color has-link-color wp-elements-9700525c755faf0b47ca9d4a2990c829\">Zudem sorgen geeignete Ma\u00dfnahmen daf\u00fcr, dass Mitarbeitende nicht aufgrund von Herkunft, Hautfarbe, Nationalit\u00e4t, Religion, Geschlecht, Alter, Aussehen, Sexualit\u00e4t, Geschlechteridentit\u00e4t, k\u00f6rperlicher oder geistiger Beeintr\u00e4chtigung, politischen Ansichten oder aus vergleichbaren Gr\u00fcnden diskriminiert werden.<\/p>\n\n\n\n<p class=\"has-darkest-color has-text-color has-link-color wp-elements-a21193147633167feafe49b726e70d16\">Unsere Lieferanten garantieren weiterhin, dass sich ihre Arbeitnehmenden, ohne Nachteile oder Einsch\u00fcchterungsversuche bef\u00fcrchten zu m\u00fcssen, zu Arbeitnehmervertretungen und Gewerkschaften zusammenschlie\u00dfen und ihr Recht auf Streik und Kollektivverhandlungen wahrnehmen d\u00fcrfen. Sie gew\u00e4hrleisten, dass beim Einsatz privater oder \u00f6ffentlicher Sicherheitskr\u00e4fte diese nicht widerrechtlich handeln und von diesen keine rechtswidrige Gewalt oder Bedrohung ausgeht.<\/p>\n\n\n\n<p class=\"has-darkest-color has-text-color has-link-color wp-elements-1954da09a4c61d500a703d335a67e0b6\"><strong>5.3 Schutz vor Vertreibung und Landraub<\/strong><br>Unsere Lieferanten stellen sich gegen jede Form der widerrechtlichen Zwangsr\u00e4umung und des widerrechtlichen Entzugs von Land, W\u00e4ldern und Gew\u00e4ssern, deren Nutzung die Lebensgrundlage von Menschen und Gemeinschaften sichert.<\/p>\n\n\n\n<p class=\"has-darkest-color has-text-color has-link-color wp-elements-249fe67204b3b835cd4a5eac9b55386e\"><strong>5.4 Tierrechte<\/strong><br>Unsere Lieferanten befolgen alle geltenden Gesetze des Tierschutzes. Sollten sie \u00fcber bestimmte Tierschutz-Labels verf\u00fcgen, achten sie fortlaufend darauf, dass die daf\u00fcr geltenden Mindeststandards erf\u00fcllt werden. Sie tragen daf\u00fcr Sorge, dass die von ihnen gehaltenen Tiere ausreichend Platz und Bewegung erhalten und f\u00fcgen Tieren kein Leid zu, dass \u00fcber eine artgerechte Schlachtung hinausgeht.<\/p>\n\n\n\n<div style=\"height:var(--wp--preset--spacing--large)\" aria-hidden=\"true\" class=\"wp-block-spacer\"><\/div>\n\n\n\n<h2 class=\"wp-block-heading has-darkest-color has-text-color has-link-color has-medium-font-size wp-elements-b9a97d49830f8bdc2e45a592392e8e76\" id=\"h-6-umwelt-und-nachhaltigkeit\">6. Umwelt und Nachhaltigkeit<\/h2>\n\n\n\n<p>Unsere Lieferanten achten die Umwelt und unsere nat\u00fcrlichen Lebensgrundlagen. Sie halten den Aussto\u00df von Treibhausgasen m\u00f6glichst gering, gehen mit Ressourcen schonend um, arbeiten energieeffizient und halten die Auswirkungen ihres Betriebes auf die Umwelt so gering wie m\u00f6glich.<\/p>\n\n\n\n<p class=\"has-darkest-color has-text-color has-link-color wp-elements-6039101befb42f67444a2d17fd61b4a3\"><strong>6.1 Umweltschutz<\/strong><br>Unsere Lieferanten f\u00fchren keine sch\u00e4dlichen Bodenver\u00e4nderungen, Gew\u00e4sserverunreinigungen, Luftverunreinigungen, sch\u00e4dliche L\u00e4rmemissionen oder einen \u00fcberm\u00e4\u00dfigen Wasserverbrauch herbei. Sie tragen daf\u00fcr Sorge, dass durch ihre Betriebsabl\u00e4ufe kein Trink- oder Grundwasser verseucht oder der Zugang hierzu beziehungsweise zu Sanit\u00e4ranlagen erschwert oder zerst\u00f6rt wird. Zudem achten sie darauf, dass die nat\u00fcrlichen Grundlagen zum Erhalt und der Produktion von Lebensmitteln nicht erheblich beeintr\u00e4chtigt werden und die Gesundheit von Menschen nicht gef\u00e4hrdet wird.<\/p>\n\n\n\n<p class=\"has-darkest-color has-text-color has-link-color wp-elements-d8b1162cf9098dd214d08de98a9db21d\"><strong>6.2 Abfallbeseitigung und gef\u00e4hrliche Stoffe<\/strong><br>Weiterhin halten sich unsere Lieferanten an alle an ihrem Standort geltenden Gesetze und Abkommen zur Beseitigung von Abf\u00e4llen und gef\u00e4hrlicher Stoffe sowie deren Herstellung, Verwendung und Lagerung und \u2013 unabh\u00e4ngig von ihrem Standort \u2013 an die Abkommen von Minamata (Quecksilber), Stockholm (persistente organische Schadstoffe) und Basel (Verbot der Ausfuhr gef\u00e4hrlicher Abf\u00e4lle) und tragen daf\u00fcr Sorge, dass Abf\u00e4lle \u2013 soweit m\u00f6glich &#8211; der Kreislaufwirtschaft zugef\u00fchrt werden.<\/p>\n\n\n\n<div style=\"height:var(--wp--preset--spacing--large)\" aria-hidden=\"true\" class=\"wp-block-spacer\"><\/div>\n\n\n\n<h2 class=\"wp-block-heading has-darkest-color has-text-color has-link-color has-medium-font-size wp-elements-403be27489e0ad74a71ef64c5b277b97\" id=\"h-7-verstosse-gegen-den-lieferantenkodex\">7. Verst\u00f6\u00dfe gegen den Lieferantenkodex<\/h2>\n\n\n\n<p>VielfaltMen\u00fc beh\u00e4lt sich vor, die Einhaltung dieses Lieferantenkodex bei Informationen \u00fcber Verst\u00f6\u00dfe von Lieferanten zu \u00fcberpr\u00fcfen. Bei Anfragen stellen unsere Lieferanten alle erforderlichen Unterlagen und Dokumente unverz\u00fcglich zur Verf\u00fcgung und gew\u00e4hren VielfaltMen\u00fc die M\u00f6glichkeit, angemessene Kontrollma\u00dfnahmen durchzuf\u00fchren. <\/p>\n\n\n\n<p>Verst\u00f6\u00dfe gegen diesen Lieferantenkodex k\u00f6nnen, je nach Ausma\u00df, insbesondere eine der folgenden Ma\u00dfnahmen nach sich ziehen:<\/p>\n\n\n\n<ul class=\"wp-block-list\">\n<li>Aufforderung zur Durchf\u00fchrung von Kontrollma\u00dfnahmen im eigenen Unternehmen und\/oder in der eigenen Lieferkette sowie zur Vorlage der Ergebnisse der durchgef\u00fchrten Ma\u00dfnahmen;<\/li>\n\n\n\n<li>Aufforderung zur Durchf\u00fchrung von Abhilfema\u00dfnahmen bei Verletzung einer menschenrechtsbezogenen oder einer umweltbezogenen Pflicht i.S.d. LkSG;<\/li>\n\n\n\n<li>Einstufung als nachrangiger Lieferant bei Nichtabstellen eines identifizierten Versto\u00dfes;<\/li>\n\n\n\n<li>Aussetzung der Gesch\u00e4ftsbeziehung bis zum Abstellen eines identifizierten Versto\u00dfes;<\/li>\n\n\n\n<li>K\u00fcndigung des Vertragsverh\u00e4ltnisses aus wichtigem Grund bzw. R\u00fccktritt vom Vertrag;<\/li>\n\n\n\n<li>Geltendmachung von Schadensersatzanspr\u00fcchen.<\/li>\n<\/ul>\n\n\n\n<div style=\"height:var(--wp--preset--spacing--large)\" aria-hidden=\"true\" class=\"wp-block-spacer\"><\/div>\n\n\n\n<h2 class=\"wp-block-heading has-darkest-color has-text-color has-link-color has-medium-font-size wp-elements-f748259270e34c1e20c83fe3e51a1f6a\" id=\"h-8-beschwerdeverfahren\">8. Beschwerdeverfahren<\/h2>\n\n\n\n<p>Jedes Verhalten, dass im Widerspruch zu diesem Lieferantenkodex steht, kann \u00fcber das von VielfaltMen\u00fc eingerichtete und in verschiedenen Sprachen verf\u00fcgbare Beschwerdeverfahren anonym und vertraulich gemeldet werden. Dies gilt auch f\u00fcr Verst\u00f6\u00dfe weiterer Parteien entlang der Lieferkette von VielfaltMen\u00fc. Unsere Lieferanten tragen daf\u00fcr Sorge, dass hinweisgebende Personen keine Nachteile oder Bestrafungen aufgrund der Abgabe einer Meldung, gleich welcher Art, bef\u00fcrchten m\u00fcssen.<br>Webseite des Beschwerdeverfahrens:&nbsp;<a href=\"https:\/\/vielfaltmenue.integrityline.com\/frontpage\">https:\/\/vielfaltmenue.integrityline.com\/frontpage<\/a><\/p>\n\n\n\n<div style=\"height:var(--wp--preset--spacing--large)\" aria-hidden=\"true\" class=\"wp-block-spacer\"><\/div>\n\n\n\n<h2 class=\"wp-block-heading has-darkest-color has-text-color has-link-color has-medium-font-size wp-elements-2b782505bd8c80e810598290618c0eb3\" id=\"h-9-nachbearbeitung-des-lieferantenkodex\">9. Nachbearbeitung des Lieferantenkodex<\/h2>\n\n\n\n<p>VielfaltMen\u00fc beh\u00e4lt sich vor, den vorliegenden Lieferantenkodex bei \u00c4nderung der Rechtslage oder anderweitiger wesentlicher Ver\u00e4nderung der Rahmenbedingungen entsprechend anzupassen.<\/p>\n\n\n\n<div style=\"height:var(--wp--preset--spacing--large)\" aria-hidden=\"true\" class=\"wp-block-spacer\"><\/div>\n","protected":false},"excerpt":{"rendered":"<p>Lieferantenkodex der VielfaltMen\u00fc GmbH 1. Pr\u00e4ambel Die VielfaltMen\u00fc GmbH (im Folgenden &#8220;VielfaltMen\u00fc&#8221;) ist ein deutschlandweit t\u00e4tiges Catering-Unternehmen, das insbesondere Kinderg\u00e4rten, Schulen und Betriebe mit regionalen, saisonalen sowie nachhaltigen Gerichten beliefert. Wichtig ist uns, dass wir die geltenden Gesetze einhalten und ethisch korrekt handeln. Daher legen wir auch gro\u00dfen Wert auf die Auswahl unserer Lieferanten. Dieser [&hellip;]<\/p>\n","protected":false},"author":4,"featured_media":0,"parent":0,"menu_order":0,"comment_status":"closed","ping_status":"closed","template":"","meta":{"greyd_block_editor_preview":[],"footnotes":""},"class_list":["post-6161","page","type-page","status-publish","hentry"],"yoast_head":"<!-- This site is optimized with the Yoast SEO Premium plugin v26.5 (Yoast SEO v27.4) - https:\/\/yoast.com\/product\/yoast-seo-premium-wordpress\/ -->\n<title>Lieferantenkodex - VielfaltMen\u00fc GmbH<\/title>\n<meta name=\"description\" content=\"VielfaltMen\u00fc beh\u00e4lt sich vor, den vorliegenden Lieferantenkodex bei \u00c4nderung der Rechtslage oder anderweitiger wesentlicher Ver\u00e4nderung der Rahmenbedingungen entsprechend anzupassen.\" \/>\n<meta name=\"robots\" content=\"index, follow, max-snippet:-1, max-image-preview:large, max-video-preview:-1\" \/>\n<link rel=\"canonical\" href=\"https:\/\/vielfaltmenue.com\/en\/code-of-conduct\/\" \/>\n<meta property=\"og:locale\" content=\"en_US\" \/>\n<meta property=\"og:type\" content=\"article\" \/>\n<meta property=\"og:title\" content=\"Lieferantenkodex\" \/>\n<meta property=\"og:description\" content=\"VielfaltMen\u00fc beh\u00e4lt sich vor, den vorliegenden Lieferantenkodex bei \u00c4nderung der Rechtslage oder anderweitiger wesentlicher Ver\u00e4nderung der Rahmenbedingungen entsprechend anzupassen.\" \/>\n<meta property=\"og:url\" content=\"https:\/\/vielfaltmenue.com\/en\/code-of-conduct\/\" \/>\n<meta property=\"og:site_name\" content=\"Vielfaltmenue\" \/>\n<meta property=\"article:modified_time\" content=\"2026-03-26T12:00:28+00:00\" \/>\n<meta name=\"twitter:card\" content=\"summary_large_image\" \/>\n<meta name=\"twitter:label1\" content=\"Est. reading time\" \/>\n\t<meta name=\"twitter:data1\" content=\"7 minutes\" \/>\n<!-- \/ Yoast SEO Premium plugin. -->","yoast_head_json":{"title":"Lieferantenkodex - VielfaltMen\u00fc GmbH","description":"VielfaltMen\u00fc beh\u00e4lt sich vor, den vorliegenden Lieferantenkodex bei \u00c4nderung der Rechtslage oder anderweitiger wesentlicher Ver\u00e4nderung der Rahmenbedingungen entsprechend anzupassen.","robots":{"index":"index","follow":"follow","max-snippet":"max-snippet:-1","max-image-preview":"max-image-preview:large","max-video-preview":"max-video-preview:-1"},"canonical":"https:\/\/vielfaltmenue.com\/en\/code-of-conduct\/","og_locale":"en_US","og_type":"article","og_title":"Lieferantenkodex","og_description":"VielfaltMen\u00fc beh\u00e4lt sich vor, den vorliegenden Lieferantenkodex bei \u00c4nderung der Rechtslage oder anderweitiger wesentlicher Ver\u00e4nderung der Rahmenbedingungen entsprechend anzupassen.","og_url":"https:\/\/vielfaltmenue.com\/en\/code-of-conduct\/","og_site_name":"Vielfaltmenue","article_modified_time":"2026-03-26T12:00:28+00:00","twitter_card":"summary_large_image","twitter_misc":{"Est. reading time":"7 minutes"},"schema":{"@context":"https:\/\/schema.org","@graph":[{"@type":"WebPage","@id":"https:\/\/vielfaltmenue.com\/en\/code-of-conduct\/","url":"https:\/\/vielfaltmenue.com\/en\/code-of-conduct\/","name":"Lieferantenkodex - VielfaltMen\u00fc GmbH","isPartOf":{"@id":"https:\/\/vielfaltmenue.com\/en\/#website"},"datePublished":"2024-11-25T10:47:16+00:00","dateModified":"2026-03-26T12:00:28+00:00","description":"VielfaltMen\u00fc beh\u00e4lt sich vor, den vorliegenden Lieferantenkodex bei \u00c4nderung der Rechtslage oder anderweitiger wesentlicher Ver\u00e4nderung der Rahmenbedingungen entsprechend anzupassen.","breadcrumb":{"@id":"https:\/\/vielfaltmenue.com\/en\/code-of-conduct\/#breadcrumb"},"inLanguage":"en-US","potentialAction":[{"@type":"ReadAction","target":["https:\/\/vielfaltmenue.com\/en\/code-of-conduct\/"]}]},{"@type":"BreadcrumbList","@id":"https:\/\/vielfaltmenue.com\/en\/code-of-conduct\/#breadcrumb","itemListElement":[{"@type":"ListItem","position":1,"name":"Home","item":"https:\/\/vielfaltmenue.com\/en\/"},{"@type":"ListItem","position":2,"name":"Lieferantenkodex"}]},{"@type":"WebSite","@id":"https:\/\/vielfaltmenue.com\/en\/#website","url":"https:\/\/vielfaltmenue.com\/en\/","name":"Vielfaltmenue","description":"VielfaltMenu \u2013 Das Unternehmen f\u00fcr Catering &amp; Verpflegung, das Vielfalt liefert.","publisher":{"@id":"https:\/\/vielfaltmenue.com\/en\/#organization"},"alternateName":"Catering & Verpflegung","potentialAction":[{"@type":"SearchAction","target":{"@type":"EntryPoint","urlTemplate":"https:\/\/vielfaltmenue.com\/en\/?s={search_term_string}"},"query-input":{"@type":"PropertyValueSpecification","valueRequired":true,"valueName":"search_term_string"}}],"inLanguage":"en-US"},{"@type":"Organization","@id":"https:\/\/vielfaltmenue.com\/en\/#organization","name":"VielfaltMen\u00fc GmbH","alternateName":"VielfaltMen\u00fc","url":"https:\/\/vielfaltmenue.com\/en\/","logo":{"@type":"ImageObject","inLanguage":"en-US","@id":"https:\/\/vielfaltmenue.com\/en\/#\/schema\/logo\/image\/","url":"https:\/\/vielfaltmenue.com\/wp-content\/uploads\/2024\/11\/VM_Logo_hoch_spinat.png","contentUrl":"https:\/\/vielfaltmenue.com\/wp-content\/uploads\/2024\/11\/VM_Logo_hoch_spinat.png","width":1833,"height":768,"caption":"VielfaltMen\u00fc GmbH"},"image":{"@id":"https:\/\/vielfaltmenue.com\/en\/#\/schema\/logo\/image\/"},"sameAs":["https:\/\/www.instagram.com\/vielfalt.menue\/","https:\/\/www.xing.com\/pages\/vielfaltmenue-gmbh","https:\/\/de.linkedin.com\/company\/vielfaltmenue"],"description":"Vielfalt bedeutet f\u00fcr uns, auf unterschiedliche Geschm\u00e4cker und Bed\u00fcrfnisse einzugehen. Mit unserem 360-Grad-Catering schaffen wir flexible L\u00f6sungen, die sich einfach kombinieren lassen. Ob in Schulen, Unternehmen oder der Gastronomie \u2013 gutes Essen verbindet.","email":"servicecenter@vielfaltmenue.com","telephone":"+49 3494 6694400","legalName":"VielfaltMen\u00fc GmbH","vatID":"DE209783710","numberOfEmployees":{"@type":"QuantitativeValue","minValue":"501","maxValue":"1000"}}]}},"_links":{"self":[{"href":"https:\/\/vielfaltmenue.com\/en\/wp-json\/wp\/v2\/pages\/6161","targetHints":{"allow":["GET"]}}],"collection":[{"href":"https:\/\/vielfaltmenue.com\/en\/wp-json\/wp\/v2\/pages"}],"about":[{"href":"https:\/\/vielfaltmenue.com\/en\/wp-json\/wp\/v2\/types\/page"}],"author":[{"embeddable":true,"href":"https:\/\/vielfaltmenue.com\/en\/wp-json\/wp\/v2\/users\/4"}],"replies":[{"embeddable":true,"href":"https:\/\/vielfaltmenue.com\/en\/wp-json\/wp\/v2\/comments?post=6161"}],"version-history":[{"count":5,"href":"https:\/\/vielfaltmenue.com\/en\/wp-json\/wp\/v2\/pages\/6161\/revisions"}],"predecessor-version":[{"id":16711,"href":"https:\/\/vielfaltmenue.com\/en\/wp-json\/wp\/v2\/pages\/6161\/revisions\/16711"}],"wp:attachment":[{"href":"https:\/\/vielfaltmenue.com\/en\/wp-json\/wp\/v2\/media?parent=6161"}],"curies":[{"name":"wp","href":"https:\/\/api.w.org\/{rel}","templated":true}]}}