{"id":6158,"date":"2024-12-03T15:12:54","date_gmt":"2024-12-03T14:12:54","guid":{"rendered":"https:\/\/staging-hp.vielfaltmenue.com\/cook-complete\/"},"modified":"2026-03-26T15:55:03","modified_gmt":"2026-03-26T14:55:03","slug":"cook-complete","status":"publish","type":"page","link":"https:\/\/vielfaltmenue.com\/en\/cook-complete\/","title":{"rendered":"Cook &amp; Complete"},"content":{"rendered":"\n<div class=\"wp-block-cover alignfull is-style-default wp-duotone-unset-1\" style=\"margin-top:0;margin-bottom:0\"><img decoding=\"async\" width=\"1024\" height=\"440\" class=\"wp-block-cover__image-background wp-image-5609 size-large\" alt=\"Junges M\u00e4dchen h\u00e4lt einen Brokkoli und einen gr\u00fcnen Apfel vor einem gelben Hintergrund.\" src=\"\/wp-content\/uploads\/2024\/12\/maedchen-mit-brokkoli-und-apfel-1024x440.jpg\" style=\"object-position:50% 0%\" data-object-fit=\"cover\" data-object-position=\"50% 0%\" srcset=\"https:\/\/vielfaltmenue.com\/wp-content\/uploads\/2024\/12\/maedchen-mit-brokkoli-und-apfel-1024x440.jpg 1024w, https:\/\/vielfaltmenue.com\/wp-content\/uploads\/2024\/12\/maedchen-mit-brokkoli-und-apfel-300x129.jpg 300w, https:\/\/vielfaltmenue.com\/wp-content\/uploads\/2024\/12\/maedchen-mit-brokkoli-und-apfel-768x330.jpg 768w, https:\/\/vielfaltmenue.com\/wp-content\/uploads\/2024\/12\/maedchen-mit-brokkoli-und-apfel-1536x660.jpg 1536w, https:\/\/vielfaltmenue.com\/wp-content\/uploads\/2024\/12\/maedchen-mit-brokkoli-und-apfel.jpg 1574w\" sizes=\"(max-width: 1024px) 100vw, 1024px\" \/><span aria-hidden=\"true\" class=\"wp-block-cover__background has-background-dim-100 has-background-dim wp-block-cover__gradient-background has-background-gradient\" style=\"background:linear-gradient(95deg,rgb(255,255,255) 0%,rgba(155,81,224,0) 100%)\"><\/span><div class=\"wp-block-cover__inner-container has-global-padding is-layout-constrained wp-container-core-cover-is-layout-be04af43 wp-block-cover-is-layout-constrained\">\n<div class=\"wp-block-columns is-layout-flex wp-container-core-columns-is-layout-13880e78 wp-block-columns-is-layout-flex\" style=\"padding-top:0;padding-right:0;padding-bottom:0;padding-left:0\">\n<div class=\"wp-block-column is-vertically-aligned-bottom col-12 col-sm-auto has-transparent-background-color has-background is-layout-flow wp-block-column-is-layout-flow\" style=\"padding-right:0;padding-left:0;flex-basis:100%\">\n<div class=\"wp-block-group is-vertical is-content-justification-left is-layout-flex wp-container-core-group-is-layout-1cb5f17e wp-block-group-is-layout-flex gs_mFdVkj group_wrap\" style=\"border-radius:4px;padding-right:0;padding-left:0\">\n<div class=\"wp-block-group has-global-padding is-layout-constrained wp-block-group-is-layout-constrained\"><div  class=\"spacer_wrap \" aria-hidden=\"true\"><div class=\"wp-block-spacer inner-sm inner-lg inner-xl\" style=\"height:15vh\" aria-hidden=\"true\"><\/div><div class=\"wp-block-spacer inner-md\" style=\"height:calc(15vh * 1.25)\" aria-hidden=\"true\"><\/div><\/div>\n\n<div class=\"yoast-breadcrumbs\"><span><span><a href=\"https:\/\/vielfaltmenue.com\/en\/\">Home<\/a><\/span> \u00bb <span class=\"breadcrumb_last\" aria-current=\"page\"><strong>Cook &amp; Complete<\/strong><\/span><\/span><\/div>\n\n\n<div style=\"margin-top:var(--wp--preset--spacing--small);margin-bottom:var(--wp--preset--spacing--small);height:0px\" aria-hidden=\"true\" class=\"wp-block-spacer\"><\/div>\n<\/div>\n\n\n\n<h1 class=\"wp-block-heading has-darkest-color has-text-color has-x-large-font-size gs_JCJLfK\">Cook &amp; Complete<sup><strong>\u00ae<\/strong><\/sup><\/h1>\n\n\n\n<p class=\"has-darkest-color has-text-color has-link-color wp-elements-eba53409ad748428d3502748d0249e91\"><strong>Flexible, fresh, and simple: food to the point.<\/strong><\/p>\n\n\n\n<p class=\"has-darkest-color has-text-color has-link-color wp-elements-3ea05fcaa9474c95334d0ac101e8f030\">Are you faced with the challenge of offering healthy, hot lunches in your facility without having your own kitchen? Cook &amp; Complete\u00ae makes this task easy.<\/p>\n\n\n\n<div class=\"wp-block-greyd-buttons\">\n<a  href=\"#Angebot-anfordern\" aria-label=\"Scroll to Angebot-anfordern\" class=\"button  gs_QBkmdY \">Jetzt Angebot anfordern<\/a>\n<\/div>\n<\/div>\n<\/div>\n<\/div>\n<\/div><\/div>\n\n<div class=\"wp-block-group alignfull has-foreground-background-color has-background is-layout-flow wp-container-core-group-is-layout-898c2ab4 wp-block-group-is-layout-flow\" style=\"min-height:0px;margin-top:0;margin-bottom:0;padding-top:var(--wp--preset--spacing--small);padding-right:0;padding-bottom:var(--wp--preset--spacing--tiny);padding-left:0\">\n<h2 class=\"wp-block-heading alignfull has-text-align-center has-lightest-color has-transparent-background-color has-text-color has-background has-link-color has-large-font-size wp-elements-6ded010913cee7ae53beabfcf99bf9bb gs_zn5k5m\" id=\"h-our-catering-offers-for\" style=\"padding-top:var(--wp--preset--spacing--tiny);padding-right:0;padding-bottom:var(--wp--preset--spacing--tiny);padding-left:0\">Our catering offers for<\/h2>\n\n\n\n<div class=\"wp-block-group alignfull hidden-xs has-global-padding is-layout-constrained wp-block-group-is-layout-constrained gs_wU0xzK group_wrap\" style=\"padding-top:0\">\n<div class=\"wp-block-columns alignfull is-layout-flex wp-container-core-columns-is-layout-ec2e7a44 wp-block-columns-is-layout-flex\" style=\"padding-top:0;padding-bottom:0\">\n<div class=\"wp-block-column col-12 col-sm-auto is-layout-flow wp-block-column-is-layout-flow\">\n<figure class=\"wp-block-image aligncenter size-full is-resized\"><a href=\"https:\/\/vielfaltmenue.com\/en\/catering\/kindergarten-catering\/\"><img decoding=\"async\" src=\"https:\/\/vielfaltmenue.com\/wp-content\/uploads\/2024\/10\/vielfaltmenue-icon-fuer-kindergaerten.svg\" alt=\"\" class=\"wp-image-2009\" style=\"width:70px\"\/><\/a><\/figure>\n\n\n\n<h3 class=\"wp-block-heading has-text-align-center has-lightest-color has-text-color has-link-color wp-elements-f78ec8e6b035d0c4f12153621a93e34e\" id=\"h-daycare-centers-and-kindergartens\" style=\"font-size:13px\"><span class=\"is-button link\" data-type=\"link\" data-params=\"{&quot;url&quot;:&quot;https:\/\/vielfaltmenue.com\/en\/catering\/kindergarten-catering\/&quot;,&quot;id&quot;:&quot;https:\/\/vielfaltmenue.com\/en\/catering\/kindergarten-catering\/&quot;,&quot;title&quot;:&quot;https:\/\/vielfaltmenue.com\/en\/catering\/kindergarten-catering\/&quot;,&quot;type&quot;:&quot;link&quot;}\">Daycare centers and Kindergartens<\/span><\/h3>\n<\/div>\n\n\n\n<div class=\"wp-block-column col-12 col-sm-auto is-layout-flow wp-block-column-is-layout-flow\">\n<figure class=\"wp-block-image aligncenter size-full is-resized\"><a href=\"https:\/\/vielfaltmenue.com\/en\/catering\/school-catering\/\"><img decoding=\"async\" src=\"https:\/\/vielfaltmenue.com\/wp-content\/uploads\/2024\/10\/vielfaltmenue-icon-fuer-schulen.svg\" alt=\"\" class=\"wp-image-2008\" style=\"width:70px\"\/><\/a><\/figure>\n\n\n\n<h3 class=\"wp-block-heading has-text-align-center has-lightest-color has-text-color has-link-color wp-elements-ff45a108cd794d84198e81a49b3d035a\" id=\"h-elementary-school-secondary-schools\" style=\"font-size:13px\"><span class=\"is-button\"><a href=\"https:\/\/vielfaltmenue.com\/en\/catering\/school-catering\/\">Elementary school<br>Secondary schools<\/a><\/span><\/h3>\n<\/div>\n\n\n\n<div class=\"wp-block-column col-12 col-sm-auto is-layout-flow wp-block-column-is-layout-flow\">\n<figure class=\"wp-block-image aligncenter size-full is-resized\"><a href=\"https:\/\/vielfaltmenue.com\/en\/catering\/catering-for-nursing-homes-senior-care-homes\/\"><img decoding=\"async\" src=\"https:\/\/vielfaltmenue.com\/wp-content\/uploads\/2024\/10\/vielfaltmenue-icon-fuer-senioreneinrichtungen.svg\" alt=\"\" class=\"wp-image-2015\" style=\"width:70px\"\/><\/a><\/figure>\n\n\n\n<h3 class=\"wp-block-heading has-text-align-center has-lightest-color has-text-color has-link-color wp-elements-d0ff10b3eea3523829d2109df5e2d8ba\" id=\"h-retirement-homes-care-facilities\" style=\"font-size:13px\"><a href=\"https:\/\/vielfaltmenue.com\/en\/catering\/catering-for-nursing-homes-senior-care-homes\/\">Retirement homes<br>Care facilities<\/a><\/h3>\n<\/div>\n\n\n\n<div class=\"wp-block-column col-12 col-sm-auto is-layout-flow wp-block-column-is-layout-flow\">\n<figure class=\"wp-block-image aligncenter size-full is-resized\"><a href=\"https:\/\/vielfaltmenue.com\/en\/catering\/catering-camp\/\"><img decoding=\"async\" src=\"https:\/\/vielfaltmenue.com\/wp-content\/uploads\/2024\/10\/vielfaltmenue-icon-fuer-feriencamps.svg\" alt=\"\" class=\"wp-image-2010\" style=\"width:70px\"\/><\/a><\/figure>\n\n\n\n<h3 class=\"wp-block-heading has-text-align-center has-lightest-color has-text-color has-link-color wp-elements-8a3f311b0e4feca2f7f8478f1eed7283\" id=\"h-vacation-camps-sports-camps\" style=\"font-size:13px\"><span class=\"is-button link\" data-type=\"link\" data-params=\"{&quot;url&quot;:&quot;https:\/\/vielfaltmenue.com\/en\/catering\/catering-camp\/&quot;,&quot;id&quot;:&quot;https:\/\/vielfaltmenue.com\/en\/catering\/catering-camp\/&quot;,&quot;title&quot;:&quot;https:\/\/vielfaltmenue.com\/en\/catering\/catering-camp\/&quot;,&quot;type&quot;:&quot;link&quot;}\">Vacation camps <br>Sports camps<\/span><\/h3>\n<\/div>\n<\/div>\n<\/div>\n\n\n\n<div class=\"wp-block-group alignfull hidden-lg hidden-md hidden-sm has-foreground-background-color has-background has-global-padding is-layout-constrained wp-container-core-group-is-layout-8798a6cd wp-block-group-is-layout-constrained gs_VYYCjY group_wrap\" style=\"min-height:0px;margin-top:0;margin-bottom:0;padding-right:0;padding-left:0\"><\/div>\n<\/div>\n\n<div class=\"wp-block-group alignfull has-transparent-background-color has-background has-global-padding is-layout-constrained wp-block-group-is-layout-constrained gs_hGjRAQ group_wrap\">\n<div class=\"wp-block-columns are-vertically-aligned-center is-layout-flex wp-container-core-columns-is-layout-07b7b7eb wp-block-columns-is-layout-flex\" style=\"padding-top:0;padding-right:0;padding-bottom:0;padding-left:0\">\n<div class=\"wp-block-column is-vertically-aligned-center col-sm-auto has-lightest-background-color has-background has-global-padding is-layout-constrained wp-block-column-is-layout-constrained\">\n<figure class=\"wp-block-image size-full is-resized\"><img decoding=\"async\" width=\"760\" height=\"760\" src=\"\/wp-content\/uploads\/2024\/12\/vielfaltmenue-cook-and-complete-geraet-1.jpg\" alt=\"Green, mobile cooking appliance from VielfaltMen&#xFC; in front of a white wall.\" class=\"wp-image-5613\" style=\"width:598px;height:auto\" srcset=\"https:\/\/vielfaltmenue.com\/wp-content\/uploads\/2024\/12\/vielfaltmenue-cook-and-complete-geraet-1.jpg 760w, https:\/\/vielfaltmenue.com\/wp-content\/uploads\/2024\/12\/vielfaltmenue-cook-and-complete-geraet-1-300x300.jpg 300w, https:\/\/vielfaltmenue.com\/wp-content\/uploads\/2024\/12\/vielfaltmenue-cook-and-complete-geraet-1-150x150.jpg 150w\" sizes=\"(max-width: 760px) 100vw, 760px\" \/><\/figure>\n<\/div>\n\n\n\n<div class=\"wp-block-column is-vertically-aligned-center col-sm-auto has-lightest-background-color has-background has-global-padding is-layout-constrained wp-block-column-is-layout-constrained\">\n<div class=\"wp-block-group is-vertical is-content-justification-left is-layout-flex wp-container-core-group-is-layout-a443ebb1 wp-block-group-is-layout-flex gs_DPo6fh group_wrap\" style=\"border-radius:4px;padding-right:0\">\n<h2 class=\"wp-block-heading has-darkest-color has-text-color gs_Ucd6sp\" style=\"font-size:clamp(24.034px, 1.502rem + ((1vw - 3.2px) * 1.247), 40px);\">We do that.<br\/>To the point.<\/h2>\n\n\n\n<p>Fresh, tasty and healthy meals &#8211; uncomplicated, flexible and space-saving, without the need for your own kitchen.<\/p>\n\n\n\n<ul class=\"wp-block-list\">\n<li><strong>Healthy and delicious: <\/strong>balanced nutrition of the highest quality.<\/li>\n\n\n\n<li><strong>Time-saving:<\/strong> No cooking, no stress &#8211; we take care of the rest.<\/li>\n\n\n\n<li><strong>Space-saving:<\/strong> compact design, ideal for small daycare centers.<\/li>\n\n\n\n<li><strong>Flexible:<\/strong> Independent of delivery times, to suit your daily routine.<\/li>\n<\/ul>\n<\/div>\n\n\n\n<div class=\"wp-block-greyd-buttons\">\n<a  href=\"#Angebot-anfordern\" aria-label=\"Scroll to Angebot-anfordern\" class=\"button  gs_KdsZj2 \">Jetzt Angebot anfordern<\/a>\n<\/div>\n<\/div>\n<\/div>\n<\/div>\n\n<div class=\"wp-block-group alignfull has-mediumlight-background-color has-background has-global-padding is-layout-constrained wp-block-group-is-layout-constrained\" style=\"margin-top:0;margin-bottom:0;padding-top:20px;padding-bottom:40px\">\n<div class=\"wp-block-columns are-vertically-aligned-center is-layout-flex wp-container-core-columns-is-layout-07b7b7eb wp-block-columns-is-layout-flex\" style=\"border-style:none;border-width:0px;padding-top:0;padding-right:0;padding-bottom:0;padding-left:0\">\n<div class=\"wp-block-column is-vertically-aligned-center col-12 col-sm-auto col-md-auto col-lg-auto is-layout-flow wp-block-column-is-layout-flow\" style=\"border-style:none;border-width:0px;padding-top:0;padding-right:0;padding-bottom:0;padding-left:0\">\n<div class=\"greyd-anchor-target--wrapper\"><div id=\"Angebot-anfordern\" class=\"greyd-anchor-target\"><\/div><\/div>\n\n\n<\/div>\n<\/div>\n<\/div>\n\n<div style=\"height:48px\" aria-hidden=\"true\" class=\"wp-block-spacer\"><\/div>\n\n<div class=\"wp-block-group alignfull has-global-padding is-layout-constrained wp-block-group-is-layout-constrained\" style=\"padding-top:0;padding-bottom:0\">\n<div class=\"wp-block-columns is-layout-flex wp-container-core-columns-is-layout-28f84493 wp-block-columns-is-layout-flex\">\n<div class=\"wp-block-column col-12 col-sm-auto is-layout-flow wp-block-column-is-layout-flow\">\n<h2 class=\"wp-block-heading has-text-align-center has-darkest-color has-text-color has-link-color wp-elements-de2150309bea46a43a250f1c6343dd0a\" id=\"h-3-grunde-warum-cook-amp-complete-perfekt-zu-ihrem-kindergarten-passt\">3 reasons why Cook &amp; Complete<sup><strong>\u00ae<\/strong><\/sup> fits perfectly with your interior<\/h2>\n\n\n\n<div class=\"wp-block-columns is-layout-flex wp-container-core-columns-is-layout-28f84493 wp-block-columns-is-layout-flex\">\n<div class=\"wp-block-column col-12 col-sm-auto is-layout-flow wp-block-column-is-layout-flow\">\n<h3 class=\"wp-block-heading has-darkest-color has-text-color has-link-color wp-elements-2879c2f3c9639efd2fef2d8337fabbf7\">Flexibility and independence<\/h3>\n\n\n\n<p>Cook &amp; Complete<sup><strong>\u00ae<\/strong><\/sup> offers maximum flexibility for your facility: food is ready on time, regardless of traffic or delivery times. Meal times can be individually adapted to your facility&#8217;s schedule \u2013 perfect for a smooth daily routine.<\/p>\n<\/div>\n\n\n\n<div class=\"wp-block-column col-12 col-sm-auto is-layout-flow wp-block-column-is-layout-flow\">\n<h3 class=\"wp-block-heading has-darkest-color has-text-color has-link-color wp-elements-2e8bdbab3ecdd56abc119754244243dc\" id=\"h-\">Health and taste<\/h3>\n\n\n\n<p>Fresh preparation ensures that nutrients and vitamins are retained. Whether it&#8217;s a crispy schnitzel or crunchy green broccoli &#8211; the look and taste are convincing. Varied, child-friendly menus offer healthy, tasty and balanced meals.<\/p>\n<\/div>\n\n\n\n<div class=\"wp-block-column col-12 col-sm-auto is-layout-flow wp-block-column-is-layout-flow\">\n<h3 class=\"wp-block-heading has-darkest-color has-text-color has-link-color wp-elements-72785a3e3b34c6d6fa2455800ee5c587\">Space-saving and uncomplicated<\/h3>\n\n\n\n<p>The appliance even fits into small spaces, whether under the kitchen table or at the office desk, and only requires a standard household socket (230V). Simple, automated technology eliminates the hassle while the fresh food is delivered and ready to use &#8211; all for more time for the essentials.<\/p>\n<\/div>\n<\/div>\n<\/div>\n<\/div>\n<\/div>\n\n<div style=\"height:var(--wp--preset--spacing--large)\" aria-hidden=\"true\" class=\"wp-block-spacer\"><\/div>\n","protected":false},"excerpt":{"rendered":"<p>We do that.To the point. Fresh, tasty and healthy meals &#8211; uncomplicated, flexible and space-saving, without the need for your own kitchen. 3 reasons why Cook &amp; Complete\u00ae fits perfectly with your interior Flexibility and independence Cook &amp; Complete\u00ae offers maximum flexibility for your facility: food is ready on time, regardless of traffic or delivery [&hellip;]<\/p>\n","protected":false},"author":4,"featured_media":0,"parent":0,"menu_order":0,"comment_status":"closed","ping_status":"closed","template":"","meta":{"greyd_block_editor_preview":[],"footnotes":""},"class_list":["post-6158","page","type-page","status-publish","hentry"],"yoast_head":"<!-- This site is optimized with the Yoast SEO Premium plugin v26.5 (Yoast SEO v27.5) - https:\/\/yoast.com\/product\/yoast-seo-premium-wordpress\/ -->\n<title>Cook &amp; Complete - Vielfaltmenue<\/title>\n<meta name=\"description\" content=\"Cook &amp; Complete | Flexible, fresh, and simple: food to the point. Healthy meals at the touch of a button - the smart solution for your facility.\" \/>\n<meta name=\"robots\" content=\"index, follow, max-snippet:-1, max-image-preview:large, max-video-preview:-1\" \/>\n<link rel=\"canonical\" href=\"https:\/\/vielfaltmenue.com\/en\/cook-complete\/\" \/>\n<meta property=\"og:locale\" content=\"en_US\" \/>\n<meta property=\"og:type\" content=\"article\" \/>\n<meta property=\"og:title\" content=\"Cook &amp; Complete\" \/>\n<meta property=\"og:description\" content=\"Cook &amp; Complete | Flexible, fresh, and simple: food to the point. Healthy meals at the touch of a button - the smart solution for your facility.\" \/>\n<meta property=\"og:url\" content=\"https:\/\/vielfaltmenue.com\/en\/cook-complete\/\" \/>\n<meta property=\"og:site_name\" content=\"Vielfaltmenue\" \/>\n<meta property=\"article:modified_time\" content=\"2026-03-26T14:55:03+00:00\" \/>\n<meta name=\"twitter:card\" content=\"summary_large_image\" \/>\n<meta name=\"twitter:label1\" content=\"Est. reading time\" \/>\n\t<meta name=\"twitter:data1\" content=\"5 minutes\" \/>\n<!-- \/ Yoast SEO Premium plugin. -->","yoast_head_json":{"title":"Cook &amp; Complete - Vielfaltmenue","description":"Cook & Complete | Flexible, fresh, and simple: food to the point. Healthy meals at the touch of a button - the smart solution for your facility.","robots":{"index":"index","follow":"follow","max-snippet":"max-snippet:-1","max-image-preview":"max-image-preview:large","max-video-preview":"max-video-preview:-1"},"canonical":"https:\/\/vielfaltmenue.com\/en\/cook-complete\/","og_locale":"en_US","og_type":"article","og_title":"Cook &amp; Complete","og_description":"Cook & Complete | Flexible, fresh, and simple: food to the point. Healthy meals at the touch of a button - the smart solution for your facility.","og_url":"https:\/\/vielfaltmenue.com\/en\/cook-complete\/","og_site_name":"Vielfaltmenue","article_modified_time":"2026-03-26T14:55:03+00:00","twitter_card":"summary_large_image","twitter_misc":{"Est. reading time":"5 minutes"},"schema":{"@context":"https:\/\/schema.org","@graph":[{"@type":"WebPage","@id":"https:\/\/vielfaltmenue.com\/en\/cook-complete\/","url":"https:\/\/vielfaltmenue.com\/en\/cook-complete\/","name":"Cook &amp; Complete - Vielfaltmenue","isPartOf":{"@id":"https:\/\/vielfaltmenue.com\/en\/#website"},"datePublished":"2024-12-03T14:12:54+00:00","dateModified":"2026-03-26T14:55:03+00:00","description":"Cook & Complete | Flexible, fresh, and simple: food to the point. Healthy meals at the touch of a button - the smart solution for your facility.","breadcrumb":{"@id":"https:\/\/vielfaltmenue.com\/en\/cook-complete\/#breadcrumb"},"inLanguage":"en-US","potentialAction":[{"@type":"ReadAction","target":["https:\/\/vielfaltmenue.com\/en\/cook-complete\/"]}]},{"@type":"BreadcrumbList","@id":"https:\/\/vielfaltmenue.com\/en\/cook-complete\/#breadcrumb","itemListElement":[{"@type":"ListItem","position":1,"name":"Home","item":"https:\/\/vielfaltmenue.com\/en\/"},{"@type":"ListItem","position":2,"name":"Cook &amp; Complete"}]},{"@type":"WebSite","@id":"https:\/\/vielfaltmenue.com\/en\/#website","url":"https:\/\/vielfaltmenue.com\/en\/","name":"Vielfaltmenue","description":"VielfaltMenu \u2013 Das Unternehmen f\u00fcr Catering &amp; Verpflegung, das Vielfalt liefert.","publisher":{"@id":"https:\/\/vielfaltmenue.com\/en\/#organization"},"alternateName":"Catering & Verpflegung","potentialAction":[{"@type":"SearchAction","target":{"@type":"EntryPoint","urlTemplate":"https:\/\/vielfaltmenue.com\/en\/?s={search_term_string}"},"query-input":{"@type":"PropertyValueSpecification","valueRequired":true,"valueName":"search_term_string"}}],"inLanguage":"en-US"},{"@type":"Organization","@id":"https:\/\/vielfaltmenue.com\/en\/#organization","name":"VielfaltMen\u00fc GmbH","alternateName":"VielfaltMen\u00fc","url":"https:\/\/vielfaltmenue.com\/en\/","logo":{"@type":"ImageObject","inLanguage":"en-US","@id":"https:\/\/vielfaltmenue.com\/en\/#\/schema\/logo\/image\/","url":"https:\/\/vielfaltmenue.com\/wp-content\/uploads\/2024\/11\/VM_Logo_hoch_spinat.png","contentUrl":"https:\/\/vielfaltmenue.com\/wp-content\/uploads\/2024\/11\/VM_Logo_hoch_spinat.png","width":1833,"height":768,"caption":"VielfaltMen\u00fc GmbH"},"image":{"@id":"https:\/\/vielfaltmenue.com\/en\/#\/schema\/logo\/image\/"},"sameAs":["https:\/\/www.instagram.com\/vielfalt.menue\/","https:\/\/www.xing.com\/pages\/vielfaltmenue-gmbh","https:\/\/de.linkedin.com\/company\/vielfaltmenue"],"description":"Vielfalt bedeutet f\u00fcr uns, auf unterschiedliche Geschm\u00e4cker und Bed\u00fcrfnisse einzugehen. Mit unserem 360-Grad-Catering schaffen wir flexible L\u00f6sungen, die sich einfach kombinieren lassen. Ob in Schulen, Unternehmen oder der Gastronomie \u2013 gutes Essen verbindet.","email":"servicecenter@vielfaltmenue.com","telephone":"+49 3494 6694400","legalName":"VielfaltMen\u00fc GmbH","vatID":"DE209783710","numberOfEmployees":{"@type":"QuantitativeValue","minValue":"501","maxValue":"1000"}}]}},"_links":{"self":[{"href":"https:\/\/vielfaltmenue.com\/en\/wp-json\/wp\/v2\/pages\/6158","targetHints":{"allow":["GET"]}}],"collection":[{"href":"https:\/\/vielfaltmenue.com\/en\/wp-json\/wp\/v2\/pages"}],"about":[{"href":"https:\/\/vielfaltmenue.com\/en\/wp-json\/wp\/v2\/types\/page"}],"author":[{"embeddable":true,"href":"https:\/\/vielfaltmenue.com\/en\/wp-json\/wp\/v2\/users\/4"}],"replies":[{"embeddable":true,"href":"https:\/\/vielfaltmenue.com\/en\/wp-json\/wp\/v2\/comments?post=6158"}],"version-history":[{"count":5,"href":"https:\/\/vielfaltmenue.com\/en\/wp-json\/wp\/v2\/pages\/6158\/revisions"}],"predecessor-version":[{"id":16716,"href":"https:\/\/vielfaltmenue.com\/en\/wp-json\/wp\/v2\/pages\/6158\/revisions\/16716"}],"wp:attachment":[{"href":"https:\/\/vielfaltmenue.com\/en\/wp-json\/wp\/v2\/media?parent=6158"}],"curies":[{"name":"wp","href":"https:\/\/api.w.org\/{rel}","templated":true}]}}